{"id":6,"date":"2022-12-07T22:50:57","date_gmt":"2022-12-07T21:50:57","guid":{"rendered":"http:\/\/as-tir-richwiller.fr\/?page_id=6"},"modified":"2025-03-06T21:16:27","modified_gmt":"2025-03-06T20:16:27","slug":"as-tir-richwiller","status":"publish","type":"page","link":"https:\/\/as-tir-richwiller.fr\/","title":{"rendered":"AS TIR RICHWILLER"},"content":{"rendered":"\r\n<p><span style=\"color: #ff0000;\">29 et 30 mars championnat du Haut-Rhin:<\/span><\/p>\r\n<p><span style=\"color: #ff0000;\">Pas de tir 50m occup\u00e9. Pas de tir 25m limit\u00e9 au 22LR<\/span><\/p>\r\n<p><span style=\"color: #ff0000;\">10m utilisable<\/span><\/p>\r\n<h4>\u00a0<\/h4>\r\n<p style=\"text-align: center;\"><strong>\u00a032 rue de la For\u00eat RICHWILLER<\/strong><\/p>\r\n<p><span style=\"font-weight: 400;\">Le mot du Pr\u00e9sident !<\/span><\/p>\r\n<p>&nbsp;<\/p>\r\n<p><span style=\"font-weight: 400;\">Le tir est un sport diff\u00e9rent, un sport passionnant! Un sport qui peut se pratiquer \u00e0 tout \u00e2ge, accessible d\u00e8s 8ans et quelque soit la condition physique du tireur. Il permet \u00e0 toute la famille de se retrouver autour d\u2019une m\u00eame passion.<\/span><\/p>\r\n<p><span style=\"font-weight: 400;\">Le tir sportif d\u00e9veloppe\u00a0\u00a0les valeurs traditionnelles du sport , la progression, le respect, le contr\u00f4le de soi, l\u2019engagement, l\u2019esprit d\u2019\u00e9quipe, la fraternit\u00e9 et le d\u00e9passement de soi.<\/span><\/p>\r\n<p><span style=\"font-weight: 400;\">Il participe \u00e0 l\u2019\u00e9veil des enfants par l\u2019apprentissage progressif de ces valeurs.\u00a0<\/span><\/p>\r\n<p><span style=\"font-weight: 400;\">L\u2019initiation\u00a0se fait progressivement avec un tireur chevronn\u00e9 ou avec un entra\u00eeneur.<\/span><\/p>\r\n<p><span style=\"font-weight: 400;\">L\u2019\u00e9thique du club repose sur les valeurs originelles qui ont construit ses bases en organisant une pratique sportive du tir.\u00a0<\/span><\/p>\r\n<p><span style=\"font-weight: 400;\">Elle implique :<\/span><\/p>\r\n<p><span style=\"font-weight: 400;\">&#8211; le respect de l\u2019arme\u00a0en tant que mat\u00e9riel sportif,<\/span><\/p>\r\n<p><span style=\"font-weight: 400;\">&#8211; une pratique exclusivement sur des cibles, qu\u2019elles soient fixes, mobiles ou cassables, \u00e9lectroniques, de papier (cible), m\u00e9talliques (gong) ou d\u2019argile (plateau), telles que d\u00e9finies par les f\u00e9d\u00e9rations internationales auxquelles nous adh\u00e9rons.<\/span><\/p>\r\n<p><span style=\"font-weight: 400;\">&#8211; l\u2019interdiction absolue de viser quelqu\u2019un\u00a0sous peine de radiation.<\/span><\/p>\r\n<p><span style=\"font-weight: 400;\">&#8211; le strict respect des r\u00e8gles et des comportements de s\u00e9curit\u00e9\u00a0\u00e9dict\u00e9s par la FFTir ainsi que par les f\u00e9d\u00e9rations internationales g\u00e9rant les diff\u00e9rentes disciplines sportives de tir.<\/span><\/p>\r\n<p>&nbsp;<\/p>\r\n<p><span style=\"font-weight: 400;\">Bienvenue au club de tir de RICHWILLER et partagez la pratique de notre sport !<\/span><\/p>\r\n<p>&nbsp;<\/p>\r\n<p><span style=\"font-weight: 400;\">Laurent FRITSCH, \u00a0 Pr\u00e9sident de l\u2019AS Tir Richwiller<\/span><\/p>\r\n<p>&nbsp;<\/p>\r\n<p><img loading=\"lazy\" decoding=\"async\" class=\"alignleft wp-image-169\" src=\"http:\/\/as-tir-richwiller.fr\/wp-content\/uploads\/2022\/12\/SHOENENBERGER-LOGO-QUADRI-5cm.jpg\" alt=\"\" width=\"412\" height=\"200\" \/><\/p>\r\n\r\n\r\n\r\n<p><img loading=\"lazy\" decoding=\"async\" class=\"wp-image-172 alignleft\" src=\"http:\/\/as-tir-richwiller.fr\/wp-content\/uploads\/2022\/12\/Logo-Wereystenger-5cm.jpg\" alt=\"\" width=\"271\" height=\"147\" \/><img loading=\"lazy\" decoding=\"async\" class=\"alignnone size-full wp-image-171 alignleft\" src=\"http:\/\/as-tir-richwiller.fr\/wp-content\/uploads\/2022\/12\/BELFORT_TOUS_TRAVAUX_5cm.jpg\" alt=\"\" width=\"295\" height=\"169\" \/><\/p>\r\n<p><img loading=\"lazy\" decoding=\"async\" class=\"wp-image-178 alignleft\" src=\"http:\/\/as-tir-richwiller.fr\/wp-content\/uploads\/2022\/12\/collectivite-europeenne-alsace-cealogocouleurverticalsurfondblanc-1.png\" alt=\"\" width=\"182\" height=\"221\" \/><img loading=\"lazy\" decoding=\"async\" class=\"wp-image-179 alignleft\" src=\"http:\/\/as-tir-richwiller.fr\/wp-content\/uploads\/2022\/12\/logo_JF2C_Verti_4.png\" alt=\"\" width=\"196\" height=\"174\" \/><\/p>\r\n<p><img loading=\"lazy\" decoding=\"async\" class=\"wp-image-177 alignleft\" src=\"http:\/\/as-tir-richwiller.fr\/wp-content\/uploads\/2022\/12\/logo-Richwiller-5cm-274x300.png\" alt=\"\" width=\"193\" height=\"212\" srcset=\"https:\/\/as-tir-richwiller.fr\/wp-content\/uploads\/2022\/12\/logo-Richwiller-5cm-274x300.png 274w, https:\/\/as-tir-richwiller.fr\/wp-content\/uploads\/2022\/12\/logo-Richwiller-5cm.png 354w\" sizes=\"auto, (max-width: 193px) 100vw, 193px\" \/><\/p>\r\n<p>&nbsp;<\/p>\r\n<p>&nbsp;<\/p>\r\n<p>&nbsp;<\/p>\r\n<p>&nbsp;<\/p>\r\n<p>&nbsp;<\/p>\r\n<p>&nbsp;<\/p>\r\n<p>&nbsp;<\/p>\r\n<p>&nbsp;<\/p>\r\n","protected":false},"excerpt":{"rendered":"<p>29 et 30 mars championnat du Haut-Rhin: Pas de tir 50m occup\u00e9. Pas de tir 25m limit\u00e9 au 22LR 10m utilisable \u00a0 \u00a032 rue de la For\u00eat RICHWILLER Le mot du Pr\u00e9sident ! &nbsp; Le tir est un sport diff\u00e9rent, un sport passionnant! Un sport qui peut se pratiquer \u00e0 tout \u00e2ge, accessible d\u00e8s 8ans [&hellip;]<\/p>\n","protected":false},"author":1,"featured_media":41,"parent":0,"menu_order":0,"comment_status":"closed","ping_status":"closed","template":"templates\/template-full-width.php","meta":{"footnotes":""},"class_list":["post-6","page","type-page","status-publish","has-post-thumbnail","hentry"],"_links":{"self":[{"href":"https:\/\/as-tir-richwiller.fr\/index.php\/wp-json\/wp\/v2\/pages\/6","targetHints":{"allow":["GET"]}}],"collection":[{"href":"https:\/\/as-tir-richwiller.fr\/index.php\/wp-json\/wp\/v2\/pages"}],"about":[{"href":"https:\/\/as-tir-richwiller.fr\/index.php\/wp-json\/wp\/v2\/types\/page"}],"author":[{"embeddable":true,"href":"https:\/\/as-tir-richwiller.fr\/index.php\/wp-json\/wp\/v2\/users\/1"}],"replies":[{"embeddable":true,"href":"https:\/\/as-tir-richwiller.fr\/index.php\/wp-json\/wp\/v2\/comments?post=6"}],"version-history":[{"count":58,"href":"https:\/\/as-tir-richwiller.fr\/index.php\/wp-json\/wp\/v2\/pages\/6\/revisions"}],"predecessor-version":[{"id":591,"href":"https:\/\/as-tir-richwiller.fr\/index.php\/wp-json\/wp\/v2\/pages\/6\/revisions\/591"}],"wp:featuredmedia":[{"embeddable":true,"href":"https:\/\/as-tir-richwiller.fr\/index.php\/wp-json\/wp\/v2\/media\/41"}],"wp:attachment":[{"href":"https:\/\/as-tir-richwiller.fr\/index.php\/wp-json\/wp\/v2\/media?parent=6"}],"curies":[{"name":"wp","href":"https:\/\/api.w.org\/{rel}","templated":true}]}}