{"id":309,"date":"2023-02-01T22:18:23","date_gmt":"2023-02-01T21:18:23","guid":{"rendered":"http:\/\/as-tir-richwiller.fr\/?page_id=309"},"modified":"2023-02-01T22:24:36","modified_gmt":"2023-02-01T21:24:36","slug":"hygiene-et-securite","status":"publish","type":"page","link":"https:\/\/as-tir-richwiller.fr\/index.php\/ecole-de-tir\/hygiene-et-securite\/","title":{"rendered":"HYGIENE ET SECURITE"},"content":{"rendered":"<a href=\"https:\/\/as-tir-richwiller.fr\/wp-content\/uploads\/2023\/02\/Affiche-regles-de-securite.pdf\" class=\"pdfemb-viewer\" style=\"\" data-width=\"max\" data-height=\"max\"  data-toolbar=\"bottom\" data-toolbar-fixed=\"on\">Affiche r\u00e8gles de s\u00e9curit\u00e9<br\/><\/a>\n<a href=\"https:\/\/as-tir-richwiller.fr\/wp-content\/uploads\/2023\/02\/Affiche-saturnismeEDT-.pdf\" class=\"pdfemb-viewer\" style=\"\" data-width=\"max\" data-height=\"max\"  data-toolbar=\"bottom\" data-toolbar-fixed=\"on\">Affiche saturnismeEDT<br\/><\/a>\n","protected":false},"excerpt":{"rendered":"","protected":false},"author":1,"featured_media":0,"parent":111,"menu_order":0,"comment_status":"closed","ping_status":"closed","template":"","meta":{"footnotes":""},"class_list":["post-309","page","type-page","status-publish","hentry"],"_links":{"self":[{"href":"https:\/\/as-tir-richwiller.fr\/index.php\/wp-json\/wp\/v2\/pages\/309","targetHints":{"allow":["GET"]}}],"collection":[{"href":"https:\/\/as-tir-richwiller.fr\/index.php\/wp-json\/wp\/v2\/pages"}],"about":[{"href":"https:\/\/as-tir-richwiller.fr\/index.php\/wp-json\/wp\/v2\/types\/page"}],"author":[{"embeddable":true,"href":"https:\/\/as-tir-richwiller.fr\/index.php\/wp-json\/wp\/v2\/users\/1"}],"replies":[{"embeddable":true,"href":"https:\/\/as-tir-richwiller.fr\/index.php\/wp-json\/wp\/v2\/comments?post=309"}],"version-history":[{"count":4,"href":"https:\/\/as-tir-richwiller.fr\/index.php\/wp-json\/wp\/v2\/pages\/309\/revisions"}],"predecessor-version":[{"id":315,"href":"https:\/\/as-tir-richwiller.fr\/index.php\/wp-json\/wp\/v2\/pages\/309\/revisions\/315"}],"up":[{"embeddable":true,"href":"https:\/\/as-tir-richwiller.fr\/index.php\/wp-json\/wp\/v2\/pages\/111"}],"wp:attachment":[{"href":"https:\/\/as-tir-richwiller.fr\/index.php\/wp-json\/wp\/v2\/media?parent=309"}],"curies":[{"name":"wp","href":"https:\/\/api.w.org\/{rel}","templated":true}]}}