{"id":157,"date":"2022-12-24T14:18:22","date_gmt":"2022-12-24T13:18:22","guid":{"rendered":"http:\/\/as-tir-richwiller.fr\/?page_id=157"},"modified":"2026-02-15T13:24:57","modified_gmt":"2026-02-15T12:24:57","slug":"fft-veteran-resultats","status":"publish","type":"page","link":"https:\/\/as-tir-richwiller.fr\/index.php\/competitions\/fft-veterans\/fft-veteran-resultats\/","title":{"rendered":"FFT VETERAN r\u00e9sultats"},"content":{"rendered":"<p><strong><a href=\"https:\/\/as-tir-richwiller.fr\/wp-content\/uploads\/2026\/02\/Classement-General-TSA-Hiver-2025-2026.pdf\" class=\"pdfemb-viewer\" style=\"\" data-width=\"max\" data-height=\"max\"  data-toolbar=\"bottom\" data-toolbar-fixed=\"on\">Classement General TSA Hiver 2025-2026<br\/><\/a>R\u00e9sultats avant finales tsa hiver 2025-2026<\/strong><\/p>\n<p><a href=\"https:\/\/as-tir-richwiller.fr\/wp-content\/uploads\/2026\/02\/resultats-avant-finales-tsa-hiver-2025-2026.pdf\" class=\"pdfemb-viewer\" style=\"\" data-width=\"max\" data-height=\"max\"  data-toolbar=\"bottom\" data-toolbar-fixed=\"on\">resultats-avant-finales-tsa-hiver-2025-2026<br\/><\/a>Salut \u00e0 tous<\/p>\n<p>&nbsp;<\/p>\n<p>Ci-joint les r\u00e9sultats provisoires apr\u00e8s le 2<sup>\u00e8me<\/sup>\u00a0tour<\/p>\n<p>Bonnes f\u00eates\u00a0 Robert SUTER<\/p>\n<p>&nbsp;<\/p>\n<p><a href=\"https:\/\/as-tir-richwiller.fr\/wp-content\/uploads\/2026\/01\/Resultats-Provisoires-TSA-Hiver-2025-2026-1.pdf\" class=\"pdfemb-viewer\" style=\"\" data-width=\"max\" data-height=\"max\"  data-toolbar=\"bottom\" data-toolbar-fixed=\"on\">Resultats Provisoires TSA Hiver 2025-2026 (1)<br\/><\/a><a href=\"https:\/\/as-tir-richwiller.fr\/wp-content\/uploads\/2025\/07\/Classement-general-criterium-Seniors-et-Pre-seniors-Ete-2025.pdf\" class=\"pdfemb-viewer\" style=\"\" data-width=\"max\" data-height=\"max\"  data-toolbar=\"bottom\" data-toolbar-fixed=\"on\">Classement general criterium Seniors et Pre-seniors Ete 2025<br\/><\/a><a href=\"https:\/\/as-tir-richwiller.fr\/wp-content\/uploads\/2025\/03\/Copie-de-classement-finale-hiver-2025-V1-2.pdf\" class=\"pdfemb-viewer\" style=\"\" data-width=\"max\" data-height=\"max\"  data-toolbar=\"bottom\" data-toolbar-fixed=\"on\">Copie de classement finale hiver 2025 V1 (2)<br\/><\/a><a href=\"https:\/\/as-tir-richwiller.fr\/wp-content\/uploads\/2025\/02\/RESULTATS-HIVER-2024-2025-v11.pdf\" class=\"pdfemb-viewer\" style=\"\" data-width=\"max\" data-height=\"max\"  data-toolbar=\"bottom\" data-toolbar-fixed=\"on\">RESULTATS HIVER 2024-2025 v11<br\/><\/a><a href=\"https:\/\/as-tir-richwiller.fr\/wp-content\/uploads\/2025\/01\/RESULTATS-HIVER-2024-2025-v1-1-1.pdf\" class=\"pdfemb-viewer\" style=\"\" data-width=\"max\" data-height=\"max\"  data-toolbar=\"bottom\" data-toolbar-fixed=\"on\">RESULTATS HIVER 2024-2025 v1 (1)<br\/><\/a><a href=\"https:\/\/as-tir-richwiller.fr\/wp-content\/uploads\/2024\/12\/TSA-5.12.pdf\" class=\"pdfemb-viewer\" style=\"\" data-width=\"max\" data-height=\"max\"  data-toolbar=\"bottom\" data-toolbar-fixed=\"on\">TSA 5.12<br\/><\/a><\/p>\n<p>&nbsp;<\/p>\n","protected":false},"excerpt":{"rendered":"<p>R\u00e9sultats avant finales tsa hiver 2025-2026 Salut \u00e0 tous &nbsp; Ci-joint les r\u00e9sultats provisoires apr\u00e8s le 2\u00e8me\u00a0tour Bonnes f\u00eates\u00a0 Robert SUTER &nbsp; &nbsp;<\/p>\n","protected":false},"author":1,"featured_media":0,"parent":120,"menu_order":2,"comment_status":"closed","ping_status":"closed","template":"","meta":{"footnotes":""},"class_list":["post-157","page","type-page","status-publish","hentry"],"_links":{"self":[{"href":"https:\/\/as-tir-richwiller.fr\/index.php\/wp-json\/wp\/v2\/pages\/157","targetHints":{"allow":["GET"]}}],"collection":[{"href":"https:\/\/as-tir-richwiller.fr\/index.php\/wp-json\/wp\/v2\/pages"}],"about":[{"href":"https:\/\/as-tir-richwiller.fr\/index.php\/wp-json\/wp\/v2\/types\/page"}],"author":[{"embeddable":true,"href":"https:\/\/as-tir-richwiller.fr\/index.php\/wp-json\/wp\/v2\/users\/1"}],"replies":[{"embeddable":true,"href":"https:\/\/as-tir-richwiller.fr\/index.php\/wp-json\/wp\/v2\/comments?post=157"}],"version-history":[{"count":41,"href":"https:\/\/as-tir-richwiller.fr\/index.php\/wp-json\/wp\/v2\/pages\/157\/revisions"}],"predecessor-version":[{"id":654,"href":"https:\/\/as-tir-richwiller.fr\/index.php\/wp-json\/wp\/v2\/pages\/157\/revisions\/654"}],"up":[{"embeddable":true,"href":"https:\/\/as-tir-richwiller.fr\/index.php\/wp-json\/wp\/v2\/pages\/120"}],"wp:attachment":[{"href":"https:\/\/as-tir-richwiller.fr\/index.php\/wp-json\/wp\/v2\/media?parent=157"}],"curies":[{"name":"wp","href":"https:\/\/api.w.org\/{rel}","templated":true}]}}