{"id":151,"date":"2022-12-24T14:11:35","date_gmt":"2022-12-24T13:11:35","guid":{"rendered":"http:\/\/as-tir-richwiller.fr\/?page_id=151"},"modified":"2023-01-03T12:34:32","modified_gmt":"2023-01-03T11:34:32","slug":"liens","status":"publish","type":"page","link":"https:\/\/as-tir-richwiller.fr\/index.php\/liens\/","title":{"rendered":"LIENS"},"content":{"rendered":"<p><a href=\"https:\/\/www.fftir.org\/\">F\u00e9d\u00e9ration Fran\u00e7aise de Tir<\/a><\/p>\n<p><a href=\"http:\/\/www.liguetiralsace.fr\/index.php?id=2\">Ligue de Tir d&rsquo;Alsace<\/a><\/p>\n<p><a href=\"https:\/\/eden.fftir.org\/#\/login\">EDEN<\/a><\/p>\n","protected":false},"excerpt":{"rendered":"<p>F\u00e9d\u00e9ration Fran\u00e7aise de Tir Ligue de Tir d&rsquo;Alsace EDEN<\/p>\n","protected":false},"author":1,"featured_media":0,"parent":0,"menu_order":7,"comment_status":"closed","ping_status":"closed","template":"","meta":{"footnotes":""},"class_list":["post-151","page","type-page","status-publish","hentry"],"_links":{"self":[{"href":"https:\/\/as-tir-richwiller.fr\/index.php\/wp-json\/wp\/v2\/pages\/151","targetHints":{"allow":["GET"]}}],"collection":[{"href":"https:\/\/as-tir-richwiller.fr\/index.php\/wp-json\/wp\/v2\/pages"}],"about":[{"href":"https:\/\/as-tir-richwiller.fr\/index.php\/wp-json\/wp\/v2\/types\/page"}],"author":[{"embeddable":true,"href":"https:\/\/as-tir-richwiller.fr\/index.php\/wp-json\/wp\/v2\/users\/1"}],"replies":[{"embeddable":true,"href":"https:\/\/as-tir-richwiller.fr\/index.php\/wp-json\/wp\/v2\/comments?post=151"}],"version-history":[{"count":8,"href":"https:\/\/as-tir-richwiller.fr\/index.php\/wp-json\/wp\/v2\/pages\/151\/revisions"}],"predecessor-version":[{"id":204,"href":"https:\/\/as-tir-richwiller.fr\/index.php\/wp-json\/wp\/v2\/pages\/151\/revisions\/204"}],"wp:attachment":[{"href":"https:\/\/as-tir-richwiller.fr\/index.php\/wp-json\/wp\/v2\/media?parent=151"}],"curies":[{"name":"wp","href":"https:\/\/api.w.org\/{rel}","templated":true}]}}